{"id":15,"date":"2023-04-10T11:38:47","date_gmt":"2023-04-10T11:38:47","guid":{"rendered":"http:\/\/ma-elektro.pl\/?page_id=15"},"modified":"2024-01-30T18:42:21","modified_gmt":"2024-01-30T18:42:21","slug":"informacje","status":"publish","type":"page","link":"https:\/\/ma-elektro.pl\/index.php\/informacje\/","title":{"rendered":"Informacje"},"content":{"rendered":"\n<div class=\"wp-block-cover alignfull is-light\" style=\"min-height:161px;aspect-ratio:unset;\"><span aria-hidden=\"true\" class=\"wp-block-cover__background has-nv-site-bg-background-color has-background-dim-100 has-background-dim\"><\/span><div class=\"wp-block-cover__inner-container is-layout-flow wp-block-cover-is-layout-flow\">\n<div class=\"wp-block-group\"><div class=\"wp-block-group__inner-container is-layout-flow wp-block-group-is-layout-flow\">\n<h1 class=\"wp-block-heading has-text-align-left has-neve-text-color-color has-text-color\"><strong>Nasze Kluczowe Us\u0142ugi:<\/strong><\/h1>\n<\/div><\/div>\n<\/div><\/div>\n\n\n\n<ol class=\"wp-block-list\" start=\"1\">\n<li><strong>Monta\u017c i Uruchomienie Rozdzielnic:<\/strong> Dbamy o solidne wykonanie monta\u017cu rozdzielnic, zapewniaj\u0105c nie tylko funkcjonalno\u015b\u0107, lecz r\u00f3wnie\u017c trwa\u0142o\u015b\u0107, zgodnie z wysokimi standardami bran\u017cowymi.<\/li>\n\n\n\n<li><strong>Dostosowanie Instalacji do Potrzeb:<\/strong> Nasze us\u0142ugi dostosowywania instalacji s\u0105 oparte na solidnych rozwi\u0105zaniach, skupiaj\u0105c si\u0119 na realnych potrzebach klienta, z d\u0142ugofalowym efektem.<\/li>\n\n\n\n<li><strong>Profesjonalne Remonty Instalacji Elektrycznych:<\/strong> Nasze remonty to profesjonalne dzia\u0142ania naprawcze, kt\u00f3re przywracaj\u0105 sprawno\u015b\u0107 instalacji, koncentruj\u0105c si\u0119 na trwa\u0142o\u015bci i funkcjonalno\u015bci.<\/li>\n\n\n\n<li><strong>Prefabrykacja Rozdzielnic:<\/strong> Oferujemy kompleksow\u0105 prefabrykacj\u0119 rozdzielnic, gwarantuj\u0105c precyzyjne wykonanie i oszcz\u0119dno\u015b\u0107 czasu przy monta\u017cu.<\/li>\n\n\n\n<li><strong>Pomiary Elektryczne:<\/strong> Nasze pomiary elektryczne s\u0105 przeprowadzane z najwy\u017csz\u0105 dok\u0142adno\u015bci\u0105, zapewniaj\u0105c bezpiecze\u0144stwo i zgodno\u015b\u0107 z normami bran\u017cowymi.<\/li>\n\n\n\n<li><strong>Efektywne Modernizacje Technologiczne:<\/strong> Stawiamy na efektywne i praktyczne modernizacje, dostosowuj\u0105c si\u0119 do wymaga\u0144 klienta, zwracaj\u0105c uwag\u0119 na trwa\u0142o\u015b\u0107 i wydajno\u015b\u0107.<\/li>\n<\/ol>\n\n\n\n<p><\/p>\n","protected":false},"excerpt":{"rendered":"","protected":false},"author":1,"featured_media":0,"parent":0,"menu_order":0,"comment_status":"closed","ping_status":"closed","template":"","meta":{"neve_meta_sidebar":"","neve_meta_container":"","neve_meta_enable_content_width":"on","neve_meta_content_width":100,"neve_meta_title_alignment":"","neve_meta_author_avatar":"","neve_post_elements_order":"","neve_meta_disable_header":"","neve_meta_disable_footer":"","neve_meta_disable_title":"on","footnotes":""},"class_list":["post-15","page","type-page","status-publish","hentry"],"_links":{"self":[{"href":"https:\/\/ma-elektro.pl\/index.php\/wp-json\/wp\/v2\/pages\/15","targetHints":{"allow":["GET"]}}],"collection":[{"href":"https:\/\/ma-elektro.pl\/index.php\/wp-json\/wp\/v2\/pages"}],"about":[{"href":"https:\/\/ma-elektro.pl\/index.php\/wp-json\/wp\/v2\/types\/page"}],"author":[{"embeddable":true,"href":"https:\/\/ma-elektro.pl\/index.php\/wp-json\/wp\/v2\/users\/1"}],"replies":[{"embeddable":true,"href":"https:\/\/ma-elektro.pl\/index.php\/wp-json\/wp\/v2\/comments?post=15"}],"version-history":[{"count":5,"href":"https:\/\/ma-elektro.pl\/index.php\/wp-json\/wp\/v2\/pages\/15\/revisions"}],"predecessor-version":[{"id":92,"href":"https:\/\/ma-elektro.pl\/index.php\/wp-json\/wp\/v2\/pages\/15\/revisions\/92"}],"wp:attachment":[{"href":"https:\/\/ma-elektro.pl\/index.php\/wp-json\/wp\/v2\/media?parent=15"}],"curies":[{"name":"wp","href":"https:\/\/api.w.org\/{rel}","templated":true}]}}